{"id":17,"date":"2023-04-16T21:42:15","date_gmt":"2023-04-16T19:42:15","guid":{"rendered":"https:\/\/www.ateliers.gillesmuratel.com\/ptitjardinlulu\/?page_id=17"},"modified":"2023-04-20T18:04:43","modified_gmt":"2023-04-20T16:04:43","slug":"accueil","status":"publish","type":"page","link":"https:\/\/www.ateliers.gillesmuratel.com\/ptitjardinlulu\/","title":{"rendered":"Accueil"},"content":{"rendered":"\n<figure class=\"wp-block-image alignfull size-full\"><img loading=\"lazy\" decoding=\"async\" width=\"3399\" height=\"1631\" src=\"https:\/\/www.ateliers.gillesmuratel.com\/ptitjardinlulu\/wp-content\/uploads\/2023\/04\/Baniere-4.png\" alt=\"\" class=\"wp-image-12\" srcset=\"https:\/\/www.ateliers.gillesmuratel.com\/ptitjardinlulu\/wp-content\/uploads\/2023\/04\/Baniere-4.png 3399w, https:\/\/www.ateliers.gillesmuratel.com\/ptitjardinlulu\/wp-content\/uploads\/2023\/04\/Baniere-4-300x144.png 300w, https:\/\/www.ateliers.gillesmuratel.com\/ptitjardinlulu\/wp-content\/uploads\/2023\/04\/Baniere-4-1024x491.png 1024w, https:\/\/www.ateliers.gillesmuratel.com\/ptitjardinlulu\/wp-content\/uploads\/2023\/04\/Baniere-4-768x369.png 768w, https:\/\/www.ateliers.gillesmuratel.com\/ptitjardinlulu\/wp-content\/uploads\/2023\/04\/Baniere-4-1536x737.png 1536w, https:\/\/www.ateliers.gillesmuratel.com\/ptitjardinlulu\/wp-content\/uploads\/2023\/04\/Baniere-4-2048x983.png 2048w, https:\/\/www.ateliers.gillesmuratel.com\/ptitjardinlulu\/wp-content\/uploads\/2023\/04\/Baniere-4-600x288.png 600w\" sizes=\"auto, (max-width: 3399px) 100vw, 3399px\" \/><\/figure>\n\n\n\n<h1 id=\"wp-block-themeisle-blocks-advanced-heading-14c1813e\" class=\"wp-block-themeisle-blocks-advanced-heading wp-block-themeisle-blocks-advanced-heading-14c1813e\">Ateliers R\u00e9cr\u00e9atifs &amp; \u00c9nerg\u00e9tiques<\/h1>\n\n\n\n<p id=\"wp-block-themeisle-blocks-advanced-heading-4ab3994d\" class=\"wp-block-themeisle-blocks-advanced-heading wp-block-themeisle-blocks-advanced-heading-4ab3994d\"><span class=\"pjl-desc\">Dans le <span class=\"pjl-desc-dbl\">Berry<\/span>, terre de traditions o\u00f9 les croyances se teintent de <span class=\"pjl-desc-dbl\">surnaturel<\/span> et de <span class=\"pjl-desc-dbl\">merveilleux<\/span>.<br><span class=\"pjl-desc-dbl\">L&rsquo;endroit r\u00eav\u00e9<\/span> pour se reconnecter \u00e0 la nature, r\u00e9cup\u00e9rer <span class=\"pjl-desc-dbl\">l&rsquo;\u00e9nergie<\/span> qu&rsquo;elle nous offre et s&rsquo;inviter au l\u00e2cher-prise.<\/span><\/p>\n\n\n\n<div style=\"height:35px\" aria-hidden=\"true\" class=\"wp-block-spacer\"><\/div>\n","protected":false},"excerpt":{"rendered":"","protected":false},"author":1,"featured_media":0,"parent":0,"menu_order":0,"comment_status":"closed","ping_status":"closed","template":"","meta":{"site-sidebar-layout":"default","site-content-layout":"default","ast-global-header-display":"","ast-main-header-display":"","ast-hfb-above-header-display":"","ast-hfb-below-header-display":"","ast-hfb-mobile-header-display":"","site-post-title":"disabled","ast-breadcrumbs-content":"","ast-featured-img":"","footer-sml-layout":"","theme-transparent-header-meta":"","adv-header-id-meta":"","stick-header-meta":"","header-above-stick-meta":"","header-main-stick-meta":"","header-below-stick-meta":"","ngg_post_thumbnail":0,"_themeisle_gutenberg_block_has_review":false,"_ti_tpc_template_sync":false,"_ti_tpc_template_id":"","footnotes":""},"class_list":["post-17","page","type-page","status-publish","hentry"],"_links":{"self":[{"href":"https:\/\/www.ateliers.gillesmuratel.com\/ptitjardinlulu\/wp-json\/wp\/v2\/pages\/17","targetHints":{"allow":["GET"]}}],"collection":[{"href":"https:\/\/www.ateliers.gillesmuratel.com\/ptitjardinlulu\/wp-json\/wp\/v2\/pages"}],"about":[{"href":"https:\/\/www.ateliers.gillesmuratel.com\/ptitjardinlulu\/wp-json\/wp\/v2\/types\/page"}],"author":[{"embeddable":true,"href":"https:\/\/www.ateliers.gillesmuratel.com\/ptitjardinlulu\/wp-json\/wp\/v2\/users\/1"}],"replies":[{"embeddable":true,"href":"https:\/\/www.ateliers.gillesmuratel.com\/ptitjardinlulu\/wp-json\/wp\/v2\/comments?post=17"}],"version-history":[{"count":59,"href":"https:\/\/www.ateliers.gillesmuratel.com\/ptitjardinlulu\/wp-json\/wp\/v2\/pages\/17\/revisions"}],"predecessor-version":[{"id":516,"href":"https:\/\/www.ateliers.gillesmuratel.com\/ptitjardinlulu\/wp-json\/wp\/v2\/pages\/17\/revisions\/516"}],"wp:attachment":[{"href":"https:\/\/www.ateliers.gillesmuratel.com\/ptitjardinlulu\/wp-json\/wp\/v2\/media?parent=17"}],"curies":[{"name":"wp","href":"https:\/\/api.w.org\/{rel}","templated":true}]}}