{"id":56,"date":"2023-04-17T09:32:49","date_gmt":"2023-04-17T07:32:49","guid":{"rendered":"https:\/\/www.ateliers.gillesmuratel.com\/ptitjardinlulu\/?page_id=56"},"modified":"2023-04-25T17:12:19","modified_gmt":"2023-04-25T15:12:19","slug":"magnetisme","status":"publish","type":"page","link":"https:\/\/www.ateliers.gillesmuratel.com\/ptitjardinlulu\/magnetisme\/","title":{"rendered":"Magn\u00e9tisme"},"content":{"rendered":"\n<figure class=\"wp-block-image alignfull size-full\"><img loading=\"lazy\" decoding=\"async\" width=\"2726\" height=\"1193\" src=\"https:\/\/www.ateliers.gillesmuratel.com\/ptitjardinlulu\/wp-content\/uploads\/2023\/04\/magnetisme.png\" alt=\"\" class=\"wp-image-765\" srcset=\"https:\/\/www.ateliers.gillesmuratel.com\/ptitjardinlulu\/wp-content\/uploads\/2023\/04\/magnetisme.png 2726w, https:\/\/www.ateliers.gillesmuratel.com\/ptitjardinlulu\/wp-content\/uploads\/2023\/04\/magnetisme-300x131.png 300w, https:\/\/www.ateliers.gillesmuratel.com\/ptitjardinlulu\/wp-content\/uploads\/2023\/04\/magnetisme-1024x448.png 1024w, https:\/\/www.ateliers.gillesmuratel.com\/ptitjardinlulu\/wp-content\/uploads\/2023\/04\/magnetisme-768x336.png 768w, https:\/\/www.ateliers.gillesmuratel.com\/ptitjardinlulu\/wp-content\/uploads\/2023\/04\/magnetisme-1536x672.png 1536w, https:\/\/www.ateliers.gillesmuratel.com\/ptitjardinlulu\/wp-content\/uploads\/2023\/04\/magnetisme-2048x896.png 2048w, https:\/\/www.ateliers.gillesmuratel.com\/ptitjardinlulu\/wp-content\/uploads\/2023\/04\/magnetisme-600x263.png 600w\" sizes=\"auto, (max-width: 2726px) 100vw, 2726px\" \/><\/figure>\n\n\n\n<div class=\"wp-block-columns is-layout-flex wp-container-core-columns-is-layout-28f84493 wp-block-columns-is-layout-flex\">\n<div class=\"wp-block-column is-layout-flow wp-block-column-is-layout-flow\" style=\"flex-basis:15%\">\n<figure class=\"wp-block-image aligncenter size-large is-resized\"><img loading=\"lazy\" decoding=\"async\" src=\"https:\/\/www.ateliers.gillesmuratel.com\/ptitjardinlulu\/wp-content\/uploads\/2023\/04\/magnetisme3-949x1024.png\" alt=\"\" class=\"wp-image-69\" width=\"229\" height=\"247\" srcset=\"https:\/\/www.ateliers.gillesmuratel.com\/ptitjardinlulu\/wp-content\/uploads\/2023\/04\/magnetisme3-949x1024.png 949w, https:\/\/www.ateliers.gillesmuratel.com\/ptitjardinlulu\/wp-content\/uploads\/2023\/04\/magnetisme3-278x300.png 278w, https:\/\/www.ateliers.gillesmuratel.com\/ptitjardinlulu\/wp-content\/uploads\/2023\/04\/magnetisme3-768x829.png 768w, https:\/\/www.ateliers.gillesmuratel.com\/ptitjardinlulu\/wp-content\/uploads\/2023\/04\/magnetisme3-1423x1536.png 1423w, https:\/\/www.ateliers.gillesmuratel.com\/ptitjardinlulu\/wp-content\/uploads\/2023\/04\/magnetisme3-600x648.png 600w, https:\/\/www.ateliers.gillesmuratel.com\/ptitjardinlulu\/wp-content\/uploads\/2023\/04\/magnetisme3.png 1787w\" sizes=\"auto, (max-width: 229px) 100vw, 229px\" \/><\/figure>\n<\/div>\n\n\n\n<div class=\"wp-block-column is-layout-flow wp-block-column-is-layout-flow\" style=\"border-top-color:var(--wp--preset--color--black);border-top-style:dotted;border-top-width:2px;border-right-color:#ffffff00;border-bottom-color:#ffffff00;border-left-color:#ffffff00;padding-top:var(--wp--preset--spacing--50);flex-basis:70%\">\n<span id=\"wp-block-themeisle-blocks-advanced-heading-99485ffd\" class=\"wp-block-themeisle-blocks-advanced-heading wp-block-themeisle-blocks-advanced-heading-99485ffd pjl-desc-justify\"><span class=\"pjl-desc-justify\">Le soin psycho-\u00e9nerg\u00e9tique est une m\u00e9thode pour soulager le corps physique et psychique mais aussi un ensemble de connaissances qui permettent de mieux vivre, de s\u2019\u00e9panouir, de rayonner et ainsi consciemment transmettre une \u00e9nergie positive \u00e0 ceux qui nous entourent. Il r\u00e9unit l\u2019\u00e9quilibrage et l\u2019harmonisation des chakras et des corps \u00e9nerg\u00e9tiques ainsi que l\u2019\u00e9coute active et bienveillante de l\u2019inconscient permettant l\u2019interpr\u00e9tation symbolique des maux.<\/span><\/span>\n\n\n\n<div style=\"height:35px\" aria-hidden=\"true\" class=\"wp-block-spacer\"><\/div>\n\n\n\n<div class=\"wp-block-columns is-layout-flex wp-container-core-columns-is-layout-28f84493 wp-block-columns-is-layout-flex\">\n<div class=\"wp-block-column is-layout-flow wp-block-column-is-layout-flow\" style=\"flex-basis:40%\"><\/div>\n\n\n\n<div class=\"wp-block-column is-layout-flow wp-block-column-is-layout-flow\">\n<figure class=\"wp-block-table has-medium-font-size\"><table style=\"border-top-color:var(--wp--preset--color--ast-global-color-2);border-right-color:#ffffff00;border-bottom-color:var(--wp--preset--color--ast-global-color-2);border-left-color:#ffffff00\"><tbody><tr><td class=\"has-text-align-center\" data-align=\"center\">60\u20ac la s\u00e9ance<\/td><\/tr><\/tbody><\/table><\/figure>\n<\/div>\n\n\n\n<div class=\"wp-block-column is-layout-flow wp-block-column-is-layout-flow\" style=\"flex-basis:40%\"><\/div>\n<\/div>\n\n\n\n<p><\/p>\n\n\n\n<p><\/p>\n\n\n\n<p><\/p>\n\n\n\n<p><\/p>\n\n\n\n<p><\/p>\n\n\n\n<p><\/p>\n\n\n\n<p><\/p>\n\n\n\n<p><\/p>\n<\/div>\n\n\n\n<div class=\"wp-block-column is-layout-flow wp-block-column-is-layout-flow\" style=\"flex-basis:15%\">\n<div style=\"height:58px\" aria-hidden=\"true\" class=\"wp-block-spacer\"><\/div>\n\n\n\n<figure class=\"wp-block-image aligncenter size-full is-resized\"><img loading=\"lazy\" decoding=\"async\" src=\"https:\/\/www.ateliers.gillesmuratel.com\/ptitjardinlulu\/wp-content\/uploads\/2023\/04\/Dessin_01_RVB.png\" alt=\"\" class=\"wp-image-70\" width=\"106\" height=\"88\"\/><\/figure>\n<\/div>\n<\/div>\n","protected":false},"excerpt":{"rendered":"<p>60\u20ac la s\u00e9ance<\/p>\n","protected":false},"author":1,"featured_media":0,"parent":0,"menu_order":0,"comment_status":"closed","ping_status":"closed","template":"","meta":{"site-sidebar-layout":"default","site-content-layout":"default","ast-global-header-display":"","ast-main-header-display":"","ast-hfb-above-header-display":"","ast-hfb-below-header-display":"","ast-hfb-mobile-header-display":"","site-post-title":"disabled","ast-breadcrumbs-content":"","ast-featured-img":"","footer-sml-layout":"","theme-transparent-header-meta":"","adv-header-id-meta":"","stick-header-meta":"","header-above-stick-meta":"","header-main-stick-meta":"","header-below-stick-meta":"","ngg_post_thumbnail":0,"_themeisle_gutenberg_block_has_review":false,"_ti_tpc_template_sync":false,"_ti_tpc_template_id":"","footnotes":""},"class_list":["post-56","page","type-page","status-publish","hentry"],"_links":{"self":[{"href":"https:\/\/www.ateliers.gillesmuratel.com\/ptitjardinlulu\/wp-json\/wp\/v2\/pages\/56","targetHints":{"allow":["GET"]}}],"collection":[{"href":"https:\/\/www.ateliers.gillesmuratel.com\/ptitjardinlulu\/wp-json\/wp\/v2\/pages"}],"about":[{"href":"https:\/\/www.ateliers.gillesmuratel.com\/ptitjardinlulu\/wp-json\/wp\/v2\/types\/page"}],"author":[{"embeddable":true,"href":"https:\/\/www.ateliers.gillesmuratel.com\/ptitjardinlulu\/wp-json\/wp\/v2\/users\/1"}],"replies":[{"embeddable":true,"href":"https:\/\/www.ateliers.gillesmuratel.com\/ptitjardinlulu\/wp-json\/wp\/v2\/comments?post=56"}],"version-history":[{"count":32,"href":"https:\/\/www.ateliers.gillesmuratel.com\/ptitjardinlulu\/wp-json\/wp\/v2\/pages\/56\/revisions"}],"predecessor-version":[{"id":926,"href":"https:\/\/www.ateliers.gillesmuratel.com\/ptitjardinlulu\/wp-json\/wp\/v2\/pages\/56\/revisions\/926"}],"wp:attachment":[{"href":"https:\/\/www.ateliers.gillesmuratel.com\/ptitjardinlulu\/wp-json\/wp\/v2\/media?parent=56"}],"curies":[{"name":"wp","href":"https:\/\/api.w.org\/{rel}","templated":true}]}}