{"id":668,"date":"2023-04-21T08:15:03","date_gmt":"2023-04-21T06:15:03","guid":{"rendered":"https:\/\/www.ateliers.gillesmuratel.com\/ptitjardinlulu\/?page_id=668"},"modified":"2023-04-26T15:34:12","modified_gmt":"2023-04-26T13:34:12","slug":"initiation-magnetisme","status":"publish","type":"page","link":"https:\/\/www.ateliers.gillesmuratel.com\/ptitjardinlulu\/initiation-magnetisme\/","title":{"rendered":"Initiation Magn\u00e9tisme"},"content":{"rendered":"\n<figure class=\"wp-block-image alignfull size-full\"><img loading=\"lazy\" decoding=\"async\" width=\"3036\" height=\"1329\" src=\"https:\/\/www.ateliers.gillesmuratel.com\/ptitjardinlulu\/wp-content\/uploads\/2023\/04\/InitMagnet.png\" alt=\"\" class=\"wp-image-125\" srcset=\"https:\/\/www.ateliers.gillesmuratel.com\/ptitjardinlulu\/wp-content\/uploads\/2023\/04\/InitMagnet.png 3036w, https:\/\/www.ateliers.gillesmuratel.com\/ptitjardinlulu\/wp-content\/uploads\/2023\/04\/InitMagnet-300x131.png 300w, https:\/\/www.ateliers.gillesmuratel.com\/ptitjardinlulu\/wp-content\/uploads\/2023\/04\/InitMagnet-1024x448.png 1024w, https:\/\/www.ateliers.gillesmuratel.com\/ptitjardinlulu\/wp-content\/uploads\/2023\/04\/InitMagnet-768x336.png 768w, https:\/\/www.ateliers.gillesmuratel.com\/ptitjardinlulu\/wp-content\/uploads\/2023\/04\/InitMagnet-1536x672.png 1536w, https:\/\/www.ateliers.gillesmuratel.com\/ptitjardinlulu\/wp-content\/uploads\/2023\/04\/InitMagnet-2048x897.png 2048w, https:\/\/www.ateliers.gillesmuratel.com\/ptitjardinlulu\/wp-content\/uploads\/2023\/04\/InitMagnet-600x263.png 600w\" sizes=\"auto, (max-width: 3036px) 100vw, 3036px\" \/><\/figure>\n\n\n\n<div class=\"wp-block-columns is-layout-flex wp-container-core-columns-is-layout-28f84493 wp-block-columns-is-layout-flex\">\n<div class=\"wp-block-column is-layout-constrained wp-container-core-column-is-layout-c748ba87 wp-block-column-is-layout-constrained\" style=\"padding-left:var(--wp--preset--spacing--40);flex-basis:25%\">\n<p class=\"has-medium-font-size\" style=\"font-style:normal;font-weight:200\"><span><i>J\u2019APPRENDS :<\/i><\/span><\/p>\n\n\n\n<ul class=\"wp-block-list\" style=\"padding-top:0;padding-right:0;padding-bottom:0;padding-left:var(--wp--preset--spacing--50)\">\n<li class=\"has-medium-font-size\"><em><strong> \u00c0 d\u00e9velopper mon \u00e9nergie<\/strong><\/em><\/li>\n\n\n\n<li class=\"has-medium-font-size\"><strong><em>\u00c0 me purifier<\/em>.<\/strong><\/li>\n\n\n\n<li class=\"has-medium-font-size\"><strong><em>\u00c0 couper le feu<\/em>.<\/strong><\/li>\n\n\n\n<li class=\"has-medium-font-size\"><em><strong>Les diff\u00e9rentes passes magn\u00e9tiques.<\/strong><\/em><\/li>\n\n\n\n<li class=\"has-medium-font-size\"><strong><em>Les diff\u00e9rents chakras<\/em>.<\/strong><\/li>\n\n\n\n<li class=\"has-medium-font-size\"><strong><em>\u00c0 pratiquer le pendule<\/em>.<\/strong><\/li>\n\n\n\n<li class=\"has-medium-font-size\"><strong><em>\u00c0 me prot\u00e9ger<\/em>.<\/strong><\/li>\n\n\n\n<li class=\"has-medium-font-size\"><strong><em>Le protocole complet d\u2019une s\u00e9ance<\/em>.<\/strong><\/li>\n\n\n\n<li class=\"has-medium-font-size\"><strong><em>\u00c0 mettre en pratique mes connaissances<\/em>.<\/strong><\/li>\n<\/ul>\n<\/div>\n\n\n\n<div class=\"wp-block-column is-layout-flow wp-block-column-is-layout-flow\" style=\"padding-right:0%;padding-left:8%;flex-basis:25%\">\n<div class=\"wp-block-columns is-layout-flex wp-container-core-columns-is-layout-28f84493 wp-block-columns-is-layout-flex\">\n<div class=\"wp-block-column is-layout-flow wp-block-column-is-layout-flow\">\n<p class=\"has-text-align-center\"><em>DATES<\/em><\/p>\n<\/div>\n\n\n\n<div class=\"wp-block-column is-layout-flow wp-block-column-is-layout-flow\"><\/div>\n<\/div>\n\n\n\n<div class=\"wp-block-columns is-layout-flex wp-container-core-columns-is-layout-28f84493 wp-block-columns-is-layout-flex\">\n<div class=\"wp-block-column is-layout-flow wp-block-column-is-layout-flow\" style=\"border-top-color:var(--wp--preset--color--black);border-right-color:#ffffff00;border-bottom-color:var(--wp--preset--color--black);border-left-color:#ffffff00;padding-top:var(--wp--preset--spacing--30);padding-bottom:var(--wp--preset--spacing--30)\">\n<p class=\"has-text-align-center\">8\/9 avr.<br>6\/7 mai<br>10\/11 juin<br>8\/9 juill.<br>5\/6 ao\u00fbt<br>9\/10 sept.<\/p>\n<\/div>\n\n\n\n<div class=\"wp-block-column is-layout-flow wp-block-column-is-layout-flow\"><\/div>\n<\/div>\n\n\n\n<div class=\"wp-block-columns is-layout-flex wp-container-core-columns-is-layout-28f84493 wp-block-columns-is-layout-flex\">\n<div class=\"wp-block-column is-vertically-aligned-center is-layout-flow wp-block-column-is-layout-flow\">\n<p class=\"has-text-align-center has-white-color has-black-background-color has-text-color has-background\">540\u20ac<\/p>\n<\/div>\n\n\n\n<div class=\"wp-block-column is-layout-flow wp-block-column-is-layout-flow\">\n<figure class=\"wp-block-image size-full\"><img loading=\"lazy\" decoding=\"async\" width=\"154\" height=\"214\" src=\"https:\/\/www.ateliers.gillesmuratel.com\/ptitjardinlulu\/wp-content\/uploads\/2023\/04\/Dessin_04_RVB.png\" alt=\"\" class=\"wp-image-140\"\/><\/figure>\n<\/div>\n<\/div>\n\n\n\n<p><\/p>\n\n\n\n<p><\/p>\n\n\n\n<p><\/p>\n\n\n\n<p><\/p>\n\n\n\n<p><\/p>\n\n\n\n<p><\/p>\n\n\n\n<p><\/p>\n<\/div>\n\n\n\n<div class=\"wp-block-column has-small-font-size is-layout-flow wp-block-column-is-layout-flow\" style=\"border-top-color:var(--wp--preset--color--black);border-top-style:dotted;border-top-width:2px;border-right-color:#ffffff00;border-bottom-color:#ffffff00;border-left-color:#ffffff00;padding-top:var(--wp--preset--spacing--40);padding-right:0;padding-bottom:0;padding-left:0;flex-basis:50%\">\n<p class=\"pjl-desc-justify has-medium-font-size\"><strong><span class=\"pjl-desc-vert pjl-desc-justify\">Toutes les connaissances n\u00e9cessaires pour pratiquer vous seront d\u00e9livr\u00e9es lors de ce stage avec des s\u00e9ances d\u2019entra\u00eenement entre participants et dans une ambiance bienveillante et conviviale.<\/span><\/strong><\/p>\n\n\n\n<p id=\"wp-block-themeisle-blocks-advanced-heading-daeff185\" class=\"wp-block-themeisle-blocks-advanced-heading wp-block-themeisle-blocks-advanced-heading-daeff185 pjl-desc-justify\">Le prix comprend les repas de midi, un livret \u00ab\u00a0pdf\u00a0\u00bb de la formation et un pendule.<br>L\u2019h\u00e9bergement et le trajet ne sont pas inclus mais possibilit\u00e9 de s\u00e9journer au g\u00eete de Vesdun et de prendre le d\u00eener au p\u2019tit Jardin de Lulu.<br>Le nombre de participants est limit\u00e9 \u00e0 8 personnes, mais d\u2019autres ateliers peuvent \u00eatre cr\u00e9\u00e9s sur demande en semaine.<\/p>\n\n\n\n<p class=\"has-medium-font-size\" style=\"font-style:normal;font-weight:400\">Pour un compl\u00e9ment d\u2019infos, appeler au +33 (0) 6 89 18 05 22<\/p>\n\n\n\n<p class=\"has-medium-font-size\" style=\"font-style:normal;font-weight:400\"><em><span class=\"pjl-desc-vert\">Un ch\u00e8que d&rsquo;acompte de 150 euros vous sera demand\u00e9 pour toute inscription<\/span><\/em><\/p>\n\n\n\n<p><\/p>\n<\/div>\n<\/div>\n","protected":false},"excerpt":{"rendered":"<p>J\u2019APPRENDS : DATES 8\/9 avr.6\/7 mai10\/11 juin8\/9 juill.5\/6 ao\u00fbt9\/10 sept. 540\u20ac Toutes les connaissances n\u00e9cessaires pour pratiquer vous seront d\u00e9livr\u00e9es lors de ce stage avec des s\u00e9ances d\u2019entra\u00eenement entre participants et dans une ambiance bienveillante et conviviale. Pour un compl\u00e9ment d\u2019infos, appeler au +33 (0) 6 89 18 05 22 Un ch\u00e8que d&rsquo;acompte de 150 &hellip;<\/p>\n<p class=\"read-more\"> <a class=\"\" href=\"https:\/\/www.ateliers.gillesmuratel.com\/ptitjardinlulu\/initiation-magnetisme\/\"> <span class=\"screen-reader-text\">Initiation Magn\u00e9tisme<\/span> Lire la suite\u00a0\u00bb<\/a><\/p>\n","protected":false},"author":1,"featured_media":0,"parent":0,"menu_order":0,"comment_status":"closed","ping_status":"closed","template":"","meta":{"site-sidebar-layout":"default","site-content-layout":"default","ast-global-header-display":"","ast-main-header-display":"","ast-hfb-above-header-display":"","ast-hfb-below-header-display":"","ast-hfb-mobile-header-display":"","site-post-title":"disabled","ast-breadcrumbs-content":"","ast-featured-img":"","footer-sml-layout":"","theme-transparent-header-meta":"","adv-header-id-meta":"","stick-header-meta":"","header-above-stick-meta":"","header-main-stick-meta":"","header-below-stick-meta":"","ngg_post_thumbnail":0,"_themeisle_gutenberg_block_has_review":false,"_ti_tpc_template_sync":false,"_ti_tpc_template_id":"","footnotes":""},"class_list":["post-668","page","type-page","status-publish","hentry"],"_links":{"self":[{"href":"https:\/\/www.ateliers.gillesmuratel.com\/ptitjardinlulu\/wp-json\/wp\/v2\/pages\/668","targetHints":{"allow":["GET"]}}],"collection":[{"href":"https:\/\/www.ateliers.gillesmuratel.com\/ptitjardinlulu\/wp-json\/wp\/v2\/pages"}],"about":[{"href":"https:\/\/www.ateliers.gillesmuratel.com\/ptitjardinlulu\/wp-json\/wp\/v2\/types\/page"}],"author":[{"embeddable":true,"href":"https:\/\/www.ateliers.gillesmuratel.com\/ptitjardinlulu\/wp-json\/wp\/v2\/users\/1"}],"replies":[{"embeddable":true,"href":"https:\/\/www.ateliers.gillesmuratel.com\/ptitjardinlulu\/wp-json\/wp\/v2\/comments?post=668"}],"version-history":[{"count":105,"href":"https:\/\/www.ateliers.gillesmuratel.com\/ptitjardinlulu\/wp-json\/wp\/v2\/pages\/668\/revisions"}],"predecessor-version":[{"id":985,"href":"https:\/\/www.ateliers.gillesmuratel.com\/ptitjardinlulu\/wp-json\/wp\/v2\/pages\/668\/revisions\/985"}],"wp:attachment":[{"href":"https:\/\/www.ateliers.gillesmuratel.com\/ptitjardinlulu\/wp-json\/wp\/v2\/media?parent=668"}],"curies":[{"name":"wp","href":"https:\/\/api.w.org\/{rel}","templated":true}]}}