{"id":855,"date":"2023-04-25T11:34:41","date_gmt":"2023-04-25T09:34:41","guid":{"rendered":"https:\/\/www.ateliers.gillesmuratel.com\/ptitjardinlulu\/?page_id=855"},"modified":"2023-04-26T15:32:10","modified_gmt":"2023-04-26T13:32:10","slug":"initiation-bien-etre","status":"publish","type":"page","link":"https:\/\/www.ateliers.gillesmuratel.com\/ptitjardinlulu\/initiation-bien-etre\/","title":{"rendered":"Initiation Bien-\u00catre"},"content":{"rendered":"\n<figure class=\"wp-block-image alignfull size-full\"><img loading=\"lazy\" decoding=\"async\" width=\"900\" height=\"394\" src=\"https:\/\/www.ateliers.gillesmuratel.com\/ptitjardinlulu\/wp-content\/uploads\/2023\/04\/Init-Bien-etre.png\" alt=\"\" class=\"wp-image-145\" srcset=\"https:\/\/www.ateliers.gillesmuratel.com\/ptitjardinlulu\/wp-content\/uploads\/2023\/04\/Init-Bien-etre.png 900w, https:\/\/www.ateliers.gillesmuratel.com\/ptitjardinlulu\/wp-content\/uploads\/2023\/04\/Init-Bien-etre-300x131.png 300w, https:\/\/www.ateliers.gillesmuratel.com\/ptitjardinlulu\/wp-content\/uploads\/2023\/04\/Init-Bien-etre-768x336.png 768w, https:\/\/www.ateliers.gillesmuratel.com\/ptitjardinlulu\/wp-content\/uploads\/2023\/04\/Init-Bien-etre-600x263.png 600w\" sizes=\"auto, (max-width: 900px) 100vw, 900px\" \/><\/figure>\n\n\n\n<div class=\"wp-block-columns is-layout-flex wp-container-core-columns-is-layout-28f84493 wp-block-columns-is-layout-flex\">\n<div class=\"wp-block-column is-layout-flow wp-block-column-is-layout-flow\" style=\"padding-left:var(--wp--preset--spacing--40);flex-basis:25%\">\n<p class=\"has-medium-font-size\" style=\"font-style:normal;font-weight:200\"><span><i>J\u2019APPRENDS :<\/i><\/span><\/p>\n\n\n\n<ul class=\"wp-block-list\" style=\"padding-left:var(--wp--preset--spacing--50)\">\n<li class=\"has-medium-font-size\"><strong><em>L&rsquo;effleurage<\/em><\/strong>.<\/li>\n\n\n\n<li class=\"has-medium-font-size\"><strong><em>La pression-gliss\u00e9e.<\/em><\/strong><\/li>\n\n\n\n<li class=\"has-medium-font-size\"><strong><em>Le p\u00e9trissage<\/em><\/strong>.<\/li>\n\n\n\n<li class=\"has-medium-font-size\"><strong><em>Les \u00e9tirements.<\/em><\/strong><\/li>\n\n\n\n<li class=\"has-medium-font-size\"><strong><em>Les torsions.<\/em><\/strong><\/li>\n\n\n\n<li class=\"has-medium-font-size\"><strong><em>Les pon\u00e7ages.<\/em><\/strong><\/li>\n\n\n\n<li class=\"has-medium-font-size\"><strong><em>Les vibrations.<\/em><\/strong><\/li>\n\n\n\n<li class=\"has-medium-font-size\"><strong><em>Les percussions<\/em><\/strong>.<\/li>\n<\/ul>\n<\/div>\n\n\n\n<div class=\"wp-block-column is-layout-flow wp-block-column-is-layout-flow\" style=\"padding-right:0%;padding-left:8%;flex-basis:25%\">\n<div class=\"wp-block-columns is-layout-flex wp-container-core-columns-is-layout-28f84493 wp-block-columns-is-layout-flex\">\n<div class=\"wp-block-column is-layout-flow wp-block-column-is-layout-flow\">\n<p class=\"has-text-align-center\"><em>DATES<\/em><\/p>\n<\/div>\n\n\n\n<div class=\"wp-block-column is-layout-flow wp-block-column-is-layout-flow\"><\/div>\n<\/div>\n\n\n\n<div class=\"wp-block-columns is-layout-flex wp-container-core-columns-is-layout-28f84493 wp-block-columns-is-layout-flex\">\n<div class=\"wp-block-column is-layout-flow wp-block-column-is-layout-flow\" style=\"border-top-color:var(--wp--preset--color--black);border-right-color:#ffffff00;border-bottom-color:var(--wp--preset--color--black);border-left-color:#ffffff00;padding-top:var(--wp--preset--spacing--30);padding-bottom:var(--wp--preset--spacing--30)\">\n<p class=\"has-text-align-center\">20\/30 avr.<br>27\/28 mai<br>1\/2 juill.<br>26\/27 ao\u00fbt<br>30 sept.\/1 oct.<\/p>\n<\/div>\n\n\n\n<div class=\"wp-block-column is-layout-flow wp-block-column-is-layout-flow\"><\/div>\n<\/div>\n\n\n\n<div class=\"wp-block-columns is-layout-flex wp-container-core-columns-is-layout-28f84493 wp-block-columns-is-layout-flex\">\n<div class=\"wp-block-column is-vertically-aligned-center is-layout-flow wp-block-column-is-layout-flow\">\n<p class=\"has-text-align-center has-white-color has-black-background-color has-text-color has-background\">410\u20ac<\/p>\n<\/div>\n\n\n\n<div class=\"wp-block-column is-layout-flow wp-block-column-is-layout-flow\">\n<figure class=\"wp-block-image size-full\"><img loading=\"lazy\" decoding=\"async\" width=\"154\" height=\"214\" src=\"https:\/\/www.ateliers.gillesmuratel.com\/ptitjardinlulu\/wp-content\/uploads\/2023\/04\/Dessin_04_RVB.png\" alt=\"\" class=\"wp-image-140\"\/><\/figure>\n<\/div>\n<\/div>\n\n\n\n<p><\/p>\n\n\n\n<p><\/p>\n\n\n\n<p><\/p>\n\n\n\n<p><\/p>\n\n\n\n<p><\/p>\n\n\n\n<p><\/p>\n\n\n\n<p><\/p>\n<\/div>\n\n\n\n<div class=\"wp-block-column has-small-font-size is-layout-flow wp-block-column-is-layout-flow\" style=\"border-top-color:var(--wp--preset--color--black);border-top-style:dotted;border-top-width:2px;border-right-color:#ffffff00;border-bottom-color:#ffffff00;border-left-color:#ffffff00;padding-top:var(--wp--preset--spacing--40);padding-right:0;padding-bottom:0;padding-left:0;flex-basis:50%\">\n<p class=\"pjl-desc-justify has-medium-font-size\"><strong><span class=\"pjl-desc-vert pjl-desc-justify\">Parce que le massage est une technique formidable de bien-\u00eatre, de d\u00e9couverte de soi, de l\u2019autre et un v\u00e9ritable outil d\u2019hygi\u00e8ne vitale \u00e0 pratiquer par tous.<br>Il permet un travail sur diff\u00e9rents aspects : brassage des liquides corporels, relance \u00e9nerg\u00e9tique et d\u00e9tente psychique et cardiaque.<\/span><\/strong><\/p>\n\n\n\n<p class=\"has-medium-font-size\"><\/p>\n\n\n\n<p id=\"wp-block-themeisle-blocks-advanced-heading-daeff185\" class=\"wp-block-themeisle-blocks-advanced-heading wp-block-themeisle-blocks-advanced-heading-daeff185 pjl-desc-justify\">Le prix comprend les repas du midi, le mat\u00e9riel est fourni.<\/p>\n\n\n\n<p class=\"has-medium-font-size\" style=\"font-style:normal;font-weight:400\">Pour un compl\u00e9ment d\u2019infos, appeler au +33 (0) 6 89 18 05 22<\/p>\n\n\n\n<p class=\"has-medium-font-size\" style=\"font-style:normal;font-weight:400\"><em><span class=\"pjl-desc-vert\">Un ch\u00e8que d&rsquo;acompte de 150 euros vous sera demand\u00e9 pour toute inscription<\/span><\/em><\/p>\n\n\n\n<p><\/p>\n<\/div>\n<\/div>\n","protected":false},"excerpt":{"rendered":"<p>J\u2019APPRENDS : DATES 20\/30 avr.27\/28 mai1\/2 juill.26\/27 ao\u00fbt30 sept.\/1 oct. 410\u20ac Parce que le massage est une technique formidable de bien-\u00eatre, de d\u00e9couverte de soi, de l\u2019autre et un v\u00e9ritable outil d\u2019hygi\u00e8ne vitale \u00e0 pratiquer par tous.Il permet un travail sur diff\u00e9rents aspects : brassage des liquides corporels, relance \u00e9nerg\u00e9tique et d\u00e9tente psychique et cardiaque. &hellip;<\/p>\n<p class=\"read-more\"> <a class=\"\" href=\"https:\/\/www.ateliers.gillesmuratel.com\/ptitjardinlulu\/initiation-bien-etre\/\"> <span class=\"screen-reader-text\">Initiation Bien-\u00catre<\/span> Lire la suite\u00a0\u00bb<\/a><\/p>\n","protected":false},"author":1,"featured_media":0,"parent":0,"menu_order":0,"comment_status":"closed","ping_status":"closed","template":"","meta":{"site-sidebar-layout":"default","site-content-layout":"default","ast-global-header-display":"","ast-main-header-display":"","ast-hfb-above-header-display":"","ast-hfb-below-header-display":"","ast-hfb-mobile-header-display":"","site-post-title":"disabled","ast-breadcrumbs-content":"","ast-featured-img":"","footer-sml-layout":"","theme-transparent-header-meta":"","adv-header-id-meta":"","stick-header-meta":"","header-above-stick-meta":"","header-main-stick-meta":"","header-below-stick-meta":"","ngg_post_thumbnail":0,"_themeisle_gutenberg_block_has_review":false,"_ti_tpc_template_sync":false,"_ti_tpc_template_id":"","footnotes":""},"class_list":["post-855","page","type-page","status-publish","hentry"],"_links":{"self":[{"href":"https:\/\/www.ateliers.gillesmuratel.com\/ptitjardinlulu\/wp-json\/wp\/v2\/pages\/855","targetHints":{"allow":["GET"]}}],"collection":[{"href":"https:\/\/www.ateliers.gillesmuratel.com\/ptitjardinlulu\/wp-json\/wp\/v2\/pages"}],"about":[{"href":"https:\/\/www.ateliers.gillesmuratel.com\/ptitjardinlulu\/wp-json\/wp\/v2\/types\/page"}],"author":[{"embeddable":true,"href":"https:\/\/www.ateliers.gillesmuratel.com\/ptitjardinlulu\/wp-json\/wp\/v2\/users\/1"}],"replies":[{"embeddable":true,"href":"https:\/\/www.ateliers.gillesmuratel.com\/ptitjardinlulu\/wp-json\/wp\/v2\/comments?post=855"}],"version-history":[{"count":10,"href":"https:\/\/www.ateliers.gillesmuratel.com\/ptitjardinlulu\/wp-json\/wp\/v2\/pages\/855\/revisions"}],"predecessor-version":[{"id":983,"href":"https:\/\/www.ateliers.gillesmuratel.com\/ptitjardinlulu\/wp-json\/wp\/v2\/pages\/855\/revisions\/983"}],"wp:attachment":[{"href":"https:\/\/www.ateliers.gillesmuratel.com\/ptitjardinlulu\/wp-json\/wp\/v2\/media?parent=855"}],"curies":[{"name":"wp","href":"https:\/\/api.w.org\/{rel}","templated":true}]}}