{"id":888,"date":"2023-04-25T13:53:35","date_gmt":"2023-04-25T11:53:35","guid":{"rendered":"https:\/\/www.ateliers.gillesmuratel.com\/ptitjardinlulu\/?page_id=888"},"modified":"2023-04-25T14:58:22","modified_gmt":"2023-04-25T12:58:22","slug":"conditions-generales-de-vente","status":"publish","type":"page","link":"https:\/\/www.ateliers.gillesmuratel.com\/ptitjardinlulu\/conditions-generales-de-vente\/","title":{"rendered":"Conditions G\u00e9n\u00e9rales de Vente"},"content":{"rendered":"\n<div style=\"height:43px\" aria-hidden=\"true\" class=\"wp-block-spacer\"><\/div>\n\n\n\n<figure class=\"wp-block-image aligncenter size-full is-resized\"><img loading=\"lazy\" decoding=\"async\" src=\"https:\/\/www.ateliers.gillesmuratel.com\/ptitjardinlulu\/wp-content\/uploads\/2023\/04\/LOGO_PJDL.png\" alt=\"\" class=\"wp-image-155\" width=\"245\" height=\"245\" srcset=\"https:\/\/www.ateliers.gillesmuratel.com\/ptitjardinlulu\/wp-content\/uploads\/2023\/04\/LOGO_PJDL.png 474w, https:\/\/www.ateliers.gillesmuratel.com\/ptitjardinlulu\/wp-content\/uploads\/2023\/04\/LOGO_PJDL-300x300.png 300w, https:\/\/www.ateliers.gillesmuratel.com\/ptitjardinlulu\/wp-content\/uploads\/2023\/04\/LOGO_PJDL-150x150.png 150w, https:\/\/www.ateliers.gillesmuratel.com\/ptitjardinlulu\/wp-content\/uploads\/2023\/04\/LOGO_PJDL-100x100.png 100w\" sizes=\"auto, (max-width: 245px) 100vw, 245px\" \/><\/figure>\n\n\n\n<div class=\"wp-block-columns is-layout-flex wp-container-core-columns-is-layout-28f84493 wp-block-columns-is-layout-flex\">\n<div class=\"wp-block-column is-layout-flow wp-block-column-is-layout-flow\" style=\"flex-basis:25%\">\n<div style=\"height:132px\" aria-hidden=\"true\" class=\"wp-block-spacer\"><\/div>\n\n\n\n<figure class=\"wp-block-image aligncenter size-large is-resized\"><img loading=\"lazy\" decoding=\"async\" src=\"https:\/\/www.ateliers.gillesmuratel.com\/ptitjardinlulu\/wp-content\/uploads\/2023\/04\/contact-gauche-1024x682.png\" alt=\"\" class=\"wp-image-156\" width=\"380\" height=\"253\" srcset=\"https:\/\/www.ateliers.gillesmuratel.com\/ptitjardinlulu\/wp-content\/uploads\/2023\/04\/contact-gauche-1024x682.png 1024w, https:\/\/www.ateliers.gillesmuratel.com\/ptitjardinlulu\/wp-content\/uploads\/2023\/04\/contact-gauche-300x200.png 300w, https:\/\/www.ateliers.gillesmuratel.com\/ptitjardinlulu\/wp-content\/uploads\/2023\/04\/contact-gauche-768x511.png 768w, https:\/\/www.ateliers.gillesmuratel.com\/ptitjardinlulu\/wp-content\/uploads\/2023\/04\/contact-gauche-1536x1023.png 1536w, https:\/\/www.ateliers.gillesmuratel.com\/ptitjardinlulu\/wp-content\/uploads\/2023\/04\/contact-gauche-2048x1364.png 2048w, https:\/\/www.ateliers.gillesmuratel.com\/ptitjardinlulu\/wp-content\/uploads\/2023\/04\/contact-gauche-600x400.png 600w\" sizes=\"auto, (max-width: 380px) 100vw, 380px\" \/><\/figure>\n\n\n\n<figure class=\"wp-block-image aligncenter size-large is-resized\"><img loading=\"lazy\" decoding=\"async\" src=\"https:\/\/www.ateliers.gillesmuratel.com\/ptitjardinlulu\/wp-content\/uploads\/2023\/04\/Dessin_02_bis_RVB-874x1024.png\" alt=\"\" class=\"wp-image-159\" width=\"122\" height=\"142\" srcset=\"https:\/\/www.ateliers.gillesmuratel.com\/ptitjardinlulu\/wp-content\/uploads\/2023\/04\/Dessin_02_bis_RVB-874x1024.png 874w, https:\/\/www.ateliers.gillesmuratel.com\/ptitjardinlulu\/wp-content\/uploads\/2023\/04\/Dessin_02_bis_RVB-256x300.png 256w, https:\/\/www.ateliers.gillesmuratel.com\/ptitjardinlulu\/wp-content\/uploads\/2023\/04\/Dessin_02_bis_RVB-768x900.png 768w, https:\/\/www.ateliers.gillesmuratel.com\/ptitjardinlulu\/wp-content\/uploads\/2023\/04\/Dessin_02_bis_RVB-600x703.png 600w, https:\/\/www.ateliers.gillesmuratel.com\/ptitjardinlulu\/wp-content\/uploads\/2023\/04\/Dessin_02_bis_RVB.png 921w\" sizes=\"auto, (max-width: 122px) 100vw, 122px\" \/><\/figure>\n<\/div>\n\n\n\n<div class=\"wp-block-column is-layout-flow wp-block-column-is-layout-flow\">\n<p id=\"wp-block-themeisle-blocks-advanced-heading-eef84487\" class=\"wp-block-themeisle-blocks-advanced-heading wp-block-themeisle-blocks-advanced-heading-eef84487 pjl-desc-justify\">La soci\u00e9t\u00e9 <span class=\"pjl-desc-dbl pjl-desc-vert\">le ptit jardin de lulu<\/span> a son si\u00e8ge social 81 chemin des ormes, le crot de la canne 18360 Vesdun et est en cours d\u2019enregistrement. Les pr\u00e9sentes conditions g\u00e9n\u00e9rales ont pour objet de d\u00e9finir les droits et obligations des parties dans le cadre de la vente de prestations propos\u00e9es par le vendeur au consommateur. <\/p>\n\n\n\n<p id=\"wp-block-themeisle-blocks-advanced-heading-2e64b96a\" class=\"wp-block-themeisle-blocks-advanced-heading wp-block-themeisle-blocks-advanced-heading-2e64b96a pjl-desc-justify\">Les prix de vente des stages sur le site, indiqu\u00e9s en euros, sont ceux en vigueur au moment de la passation de la commande par le Client. Ces prix peuvent \u00eatre modifi\u00e9s par la Soci\u00e9t\u00e9 \u00e0 tout moment. <\/p>\n\n\n\n<p id=\"wp-block-themeisle-blocks-advanced-heading-cd7f9290\" class=\"wp-block-themeisle-blocks-advanced-heading wp-block-themeisle-blocks-advanced-heading-cd7f9290 pjl-desc-justify\">La soci\u00e9t\u00e9 n\u2019accorde aucun cr\u00e9dit. Afin de vous assurer le plus grand confort lors de vos rendez-vous, dans le souci de respecter la planification \u00e9tablie, devant une recrudescence d\u2019oublis ou de RDV non annul\u00e9s, ou annulation de derni\u00e8re minute, la Direction se r\u00e9serve le droit de vous demander le paiement int\u00e9gral de votre prestation en cause. Le r\u00e8glement de celle-ci s\u2019effectuera sur facture adress\u00e9e ou non, rembours\u00e9e lors de l\u2019annulation.Veuillez nous pr\u00e9venir par tous moyens \u00e0 votre convenance (t\u00e9l\u00e9phone, mail) 2 semaines avant la date pr\u00e9vue du stage. <\/p>\n\n\n\n<p id=\"wp-block-themeisle-blocks-advanced-heading-270fe2ea\" class=\"wp-block-themeisle-blocks-advanced-heading wp-block-themeisle-blocks-advanced-heading-270fe2ea\"><strong>Rappel important <\/strong><\/p>\n\n\n\n<p id=\"wp-block-themeisle-blocks-advanced-heading-d86d2176\" class=\"wp-block-themeisle-blocks-advanced-heading wp-block-themeisle-blocks-advanced-heading-d86d2176 pjl-desc-justify\">Nous tenons \u00e0 rappeler \u00e0 tous nos b\u00e9n\u00e9ficiaires de soins que tous nos soins n\u2019ont aucun caract\u00e8re sexuel. En cas de d\u00e9viance, nous mettrons fin au RDV et nous ferons payer au b\u00e9n\u00e9ficiaire de soin la totalit\u00e9 de la consultation. En aucun cas nos soins ne sauraient remplacer un traitement m\u00e9dical. <\/p>\n\n\n\n<p id=\"wp-block-themeisle-blocks-advanced-heading-2c24e716\" class=\"wp-block-themeisle-blocks-advanced-heading wp-block-themeisle-blocks-advanced-heading-2c24e716 pjl-desc-justify\">Rappelons qu\u2019en vertu de la loi n\u00b0 2012-954 du 6 ao\u00fbt 2012, toute personne responsable de harc\u00e8lement sexuel est passible d\u2019une peine de 2 ans d\u2019emprisonnement et de 30 000 euro d\u2019amende. <\/p>\n\n\n\n<p id=\"wp-block-themeisle-blocks-advanced-heading-1f912d03\" class=\"wp-block-themeisle-blocks-advanced-heading wp-block-themeisle-blocks-advanced-heading-1f912d03 pjl-desc-justify\">Nous nous r\u00e9servons le droit d\u2019engager toute poursuite judiciaire en cas d\u2019infraction constat\u00e9e. Notre salle de soin est disponible pour des s\u00e9ances d\u2019atelier bien-\u00eatre et de magn\u00e9tisme. <\/p>\n\n\n\n<p id=\"wp-block-themeisle-blocks-advanced-heading-18242746\" class=\"wp-block-themeisle-blocks-advanced-heading wp-block-themeisle-blocks-advanced-heading-18242746\"><strong>Confirmation de commande <\/strong><\/p>\n\n\n\n<p id=\"wp-block-themeisle-blocks-advanced-heading-df51fc4b\" class=\"wp-block-themeisle-blocks-advanced-heading wp-block-themeisle-blocks-advanced-heading-df51fc4b pjl-desc-justify\">Les informations contractuelles feront l\u2019objet d\u2019une confirmation par voie d\u2019e-mail \u00e0 l\u2019adresse indiqu\u00e9e par le consommateur au sein du bon de commande. <\/p>\n\n\n\n<p id=\"wp-block-themeisle-blocks-advanced-heading-849daf22\" class=\"wp-block-themeisle-blocks-advanced-heading wp-block-themeisle-blocks-advanced-heading-849daf22\"><strong>Preuve de la transaction <\/strong><\/p>\n\n\n\n<p id=\"wp-block-themeisle-blocks-advanced-heading-1479baea\" class=\"wp-block-themeisle-blocks-advanced-heading wp-block-themeisle-blocks-advanced-heading-1479baea pjl-desc-justify\">Les registres informatis\u00e9s, conserv\u00e9s dans les syst\u00e8mes informatiques de la soci\u00e9t\u00e9 dans des conditions raisonnables de s\u00e9curit\u00e9 sont consid\u00e9r\u00e9s comme les preuves des communications, des commandes et des paiements intervenus entre les parties. L\u2019archivage des bons de commande et des factures est effectu\u00e9 sur un support fiable et durable pouvant \u00eatre produit \u00e0 titre de preuve. <\/p>\n\n\n\n<p id=\"wp-block-themeisle-blocks-advanced-heading-2ce36677\" class=\"wp-block-themeisle-blocks-advanced-heading wp-block-themeisle-blocks-advanced-heading-2ce36677\"><strong>Non validation partielle<\/strong> <\/p>\n\n\n\n<p id=\"wp-block-themeisle-blocks-advanced-heading-51a85cb6\" class=\"wp-block-themeisle-blocks-advanced-heading wp-block-themeisle-blocks-advanced-heading-51a85cb6 pjl-desc-justify\">Si une ou plusieurs stipulations des pr\u00e9sentes conditions g\u00e9n\u00e9rales sont tenues pour non valid\u00e9es ou d\u00e9clar\u00e9es telles en application d\u2019une loi, d\u2019un r\u00e8glement ou \u00e0 la suite d\u2019une d\u00e9cision d\u00e9finitive d\u2019une juridiction comp\u00e9tente, les autres stipulations garderont toute leur force et leur port\u00e9e. <\/p>\n\n\n\n<p id=\"wp-block-themeisle-blocks-advanced-heading-8509e62b\" class=\"wp-block-themeisle-blocks-advanced-heading wp-block-themeisle-blocks-advanced-heading-8509e62b\"><strong>Non renonciation <\/strong><\/p>\n\n\n\n<p id=\"wp-block-themeisle-blocks-advanced-heading-8c85d84f\" class=\"wp-block-themeisle-blocks-advanced-heading wp-block-themeisle-blocks-advanced-heading-8c85d84f pjl-desc-justify\">Le fait pour l\u2019une des parties de ne pas se pr\u00e9valoir d\u2019un manquement par l\u2019autre partie \u00e0 l\u2019une quelconque des obligations vis\u00e9es dans le cadre des pr\u00e9sentes conditions g\u00e9n\u00e9rales de ventes ne saurait \u00eatre interpr\u00e9t\u00e9 pour l\u2019avenir comme une revendication \u00e0 l\u2019obligation en cause. <\/p>\n\n\n\n<p id=\"wp-block-themeisle-blocks-advanced-heading-10a7ae8a\" class=\"wp-block-themeisle-blocks-advanced-heading wp-block-themeisle-blocks-advanced-heading-10a7ae8a\"><strong>Loi applicable <\/strong><\/p>\n\n\n\n<p id=\"wp-block-themeisle-blocks-advanced-heading-0748f0f2\" class=\"wp-block-themeisle-blocks-advanced-heading wp-block-themeisle-blocks-advanced-heading-0748f0f2 pjl-desc-justify\">Les pr\u00e9sentes conditions g\u00e9n\u00e9rales sont soumises \u00e0 la loi fran\u00e7aise. Il en est ainsi pour les r\u00e8gles de fonds comme pour les r\u00e8gles de forme.<\/p>\n\n\n\n<p id=\"wp-block-themeisle-blocks-advanced-heading-030fcf24\" class=\"wp-block-themeisle-blocks-advanced-heading wp-block-themeisle-blocks-advanced-heading-030fcf24 pjl-desc-justify\">En cas de litige ou de r\u00e9clamation, le consommateur s\u2019adressera en priorit\u00e9 au vendeur pour obtenir une solution amiable. <\/p>\n\n\n\n<p id=\"wp-block-themeisle-blocks-advanced-heading-5c9a46e7\" class=\"wp-block-themeisle-blocks-advanced-heading wp-block-themeisle-blocks-advanced-heading-5c9a46e7\"><strong>Protection des donn\u00e9es personnelles<\/strong><\/p>\n\n\n\n<p id=\"wp-block-themeisle-blocks-advanced-heading-59baba5e\" class=\"wp-block-themeisle-blocks-advanced-heading wp-block-themeisle-blocks-advanced-heading-59baba5e pjl-desc-justify\">Toutes les donn\u00e9es que vous nous confiez le sont afin de pouvoir traiter vos commandes.En vertu de la loi no 78-17 du 6 janvier 1978 relative \u00e0 l\u2019informatique, aux fichiers et aux libert\u00e9s, vous disposez aupr\u00e8s du vendeur d\u2019un droit de rectification, de consultation, de modification et de suppression des donn\u00e9es que vous nous avez communiqu\u00e9es. Ce droit peut \u00e9galement \u00eatre exerc\u00e9 en ligne. <\/p>\n<\/div>\n\n\n\n<div class=\"wp-block-column is-layout-flow wp-block-column-is-layout-flow\" style=\"flex-basis:25%\">\n<figure class=\"wp-block-image aligncenter size-full is-resized\"><img loading=\"lazy\" decoding=\"async\" src=\"https:\/\/www.ateliers.gillesmuratel.com\/ptitjardinlulu\/wp-content\/uploads\/2023\/04\/Dessin_01_RVB-1.png\" alt=\"\" class=\"wp-image-158\" width=\"133\" height=\"111\"\/><\/figure>\n\n\n\n<figure class=\"wp-block-image aligncenter size-large is-resized\"><img loading=\"lazy\" decoding=\"async\" src=\"https:\/\/www.ateliers.gillesmuratel.com\/ptitjardinlulu\/wp-content\/uploads\/2023\/04\/contact-droite-1024x682.png\" alt=\"\" class=\"wp-image-157\" width=\"380\" height=\"236\"\/><\/figure>\n<\/div>\n<\/div>\n","protected":false},"excerpt":{"rendered":"","protected":false},"author":1,"featured_media":0,"parent":0,"menu_order":0,"comment_status":"closed","ping_status":"open","template":"","meta":{"site-sidebar-layout":"default","site-content-layout":"default","ast-global-header-display":"","ast-main-header-display":"","ast-hfb-above-header-display":"","ast-hfb-below-header-display":"","ast-hfb-mobile-header-display":"","site-post-title":"disabled","ast-breadcrumbs-content":"","ast-featured-img":"","footer-sml-layout":"","theme-transparent-header-meta":"","adv-header-id-meta":"","stick-header-meta":"","header-above-stick-meta":"","header-main-stick-meta":"","header-below-stick-meta":"","ngg_post_thumbnail":0,"_themeisle_gutenberg_block_has_review":false,"_ti_tpc_template_sync":false,"_ti_tpc_template_id":"","footnotes":""},"class_list":["post-888","page","type-page","status-publish","hentry"],"_links":{"self":[{"href":"https:\/\/www.ateliers.gillesmuratel.com\/ptitjardinlulu\/wp-json\/wp\/v2\/pages\/888","targetHints":{"allow":["GET"]}}],"collection":[{"href":"https:\/\/www.ateliers.gillesmuratel.com\/ptitjardinlulu\/wp-json\/wp\/v2\/pages"}],"about":[{"href":"https:\/\/www.ateliers.gillesmuratel.com\/ptitjardinlulu\/wp-json\/wp\/v2\/types\/page"}],"author":[{"embeddable":true,"href":"https:\/\/www.ateliers.gillesmuratel.com\/ptitjardinlulu\/wp-json\/wp\/v2\/users\/1"}],"replies":[{"embeddable":true,"href":"https:\/\/www.ateliers.gillesmuratel.com\/ptitjardinlulu\/wp-json\/wp\/v2\/comments?post=888"}],"version-history":[{"count":15,"href":"https:\/\/www.ateliers.gillesmuratel.com\/ptitjardinlulu\/wp-json\/wp\/v2\/pages\/888\/revisions"}],"predecessor-version":[{"id":920,"href":"https:\/\/www.ateliers.gillesmuratel.com\/ptitjardinlulu\/wp-json\/wp\/v2\/pages\/888\/revisions\/920"}],"wp:attachment":[{"href":"https:\/\/www.ateliers.gillesmuratel.com\/ptitjardinlulu\/wp-json\/wp\/v2\/media?parent=888"}],"curies":[{"name":"wp","href":"https:\/\/api.w.org\/{rel}","templated":true}]}}