{"id":910,"date":"2023-04-25T14:47:27","date_gmt":"2023-04-25T12:47:27","guid":{"rendered":"https:\/\/www.ateliers.gillesmuratel.com\/ptitjardinlulu\/?page_id=910"},"modified":"2023-04-25T17:22:17","modified_gmt":"2023-04-25T15:22:17","slug":"mentions-legales","status":"publish","type":"page","link":"https:\/\/www.ateliers.gillesmuratel.com\/ptitjardinlulu\/mentions-legales\/","title":{"rendered":"Mentions L\u00e9gales"},"content":{"rendered":"\n<div style=\"height:43px\" aria-hidden=\"true\" class=\"wp-block-spacer\"><\/div>\n\n\n\n<figure class=\"wp-block-image aligncenter size-full is-resized\"><img loading=\"lazy\" decoding=\"async\" src=\"https:\/\/www.ateliers.gillesmuratel.com\/ptitjardinlulu\/wp-content\/uploads\/2023\/04\/LOGO_PJDL.png\" alt=\"\" class=\"wp-image-155\" width=\"245\" height=\"245\" srcset=\"https:\/\/www.ateliers.gillesmuratel.com\/ptitjardinlulu\/wp-content\/uploads\/2023\/04\/LOGO_PJDL.png 474w, https:\/\/www.ateliers.gillesmuratel.com\/ptitjardinlulu\/wp-content\/uploads\/2023\/04\/LOGO_PJDL-300x300.png 300w, https:\/\/www.ateliers.gillesmuratel.com\/ptitjardinlulu\/wp-content\/uploads\/2023\/04\/LOGO_PJDL-150x150.png 150w, https:\/\/www.ateliers.gillesmuratel.com\/ptitjardinlulu\/wp-content\/uploads\/2023\/04\/LOGO_PJDL-100x100.png 100w\" sizes=\"auto, (max-width: 245px) 100vw, 245px\" \/><\/figure>\n\n\n\n<div class=\"wp-block-columns is-layout-flex wp-container-core-columns-is-layout-28f84493 wp-block-columns-is-layout-flex\">\n<div class=\"wp-block-column is-layout-flow wp-block-column-is-layout-flow\" style=\"flex-basis:25%\">\n<div style=\"height:132px\" aria-hidden=\"true\" class=\"wp-block-spacer\"><\/div>\n\n\n\n<figure class=\"wp-block-image aligncenter size-large is-resized\"><img loading=\"lazy\" decoding=\"async\" src=\"https:\/\/www.ateliers.gillesmuratel.com\/ptitjardinlulu\/wp-content\/uploads\/2023\/04\/contact-gauche-1024x682.png\" alt=\"\" class=\"wp-image-156\" width=\"380\" height=\"253\" srcset=\"https:\/\/www.ateliers.gillesmuratel.com\/ptitjardinlulu\/wp-content\/uploads\/2023\/04\/contact-gauche-1024x682.png 1024w, https:\/\/www.ateliers.gillesmuratel.com\/ptitjardinlulu\/wp-content\/uploads\/2023\/04\/contact-gauche-300x200.png 300w, https:\/\/www.ateliers.gillesmuratel.com\/ptitjardinlulu\/wp-content\/uploads\/2023\/04\/contact-gauche-768x511.png 768w, https:\/\/www.ateliers.gillesmuratel.com\/ptitjardinlulu\/wp-content\/uploads\/2023\/04\/contact-gauche-1536x1023.png 1536w, https:\/\/www.ateliers.gillesmuratel.com\/ptitjardinlulu\/wp-content\/uploads\/2023\/04\/contact-gauche-2048x1364.png 2048w, https:\/\/www.ateliers.gillesmuratel.com\/ptitjardinlulu\/wp-content\/uploads\/2023\/04\/contact-gauche-600x400.png 600w\" sizes=\"auto, (max-width: 380px) 100vw, 380px\" \/><\/figure>\n\n\n\n<figure class=\"wp-block-image aligncenter size-large is-resized\"><img loading=\"lazy\" decoding=\"async\" src=\"https:\/\/www.ateliers.gillesmuratel.com\/ptitjardinlulu\/wp-content\/uploads\/2023\/04\/Dessin_02_bis_RVB-874x1024.png\" alt=\"\" class=\"wp-image-159\" width=\"122\" height=\"142\" srcset=\"https:\/\/www.ateliers.gillesmuratel.com\/ptitjardinlulu\/wp-content\/uploads\/2023\/04\/Dessin_02_bis_RVB-874x1024.png 874w, https:\/\/www.ateliers.gillesmuratel.com\/ptitjardinlulu\/wp-content\/uploads\/2023\/04\/Dessin_02_bis_RVB-256x300.png 256w, https:\/\/www.ateliers.gillesmuratel.com\/ptitjardinlulu\/wp-content\/uploads\/2023\/04\/Dessin_02_bis_RVB-768x900.png 768w, https:\/\/www.ateliers.gillesmuratel.com\/ptitjardinlulu\/wp-content\/uploads\/2023\/04\/Dessin_02_bis_RVB-600x703.png 600w, https:\/\/www.ateliers.gillesmuratel.com\/ptitjardinlulu\/wp-content\/uploads\/2023\/04\/Dessin_02_bis_RVB.png 921w\" sizes=\"auto, (max-width: 122px) 100vw, 122px\" \/><\/figure>\n<\/div>\n\n\n\n<div class=\"wp-block-column is-layout-flow wp-block-column-is-layout-flow\">\n<p id=\"wp-block-themeisle-blocks-advanced-heading-270fe2ea\" class=\"wp-block-themeisle-blocks-advanced-heading wp-block-themeisle-blocks-advanced-heading-270fe2ea\"><strong>Identification <\/strong><\/p>\n\n\n\n<p id=\"wp-block-themeisle-blocks-advanced-heading-d86d2176\" class=\"wp-block-themeisle-blocks-advanced-heading wp-block-themeisle-blocks-advanced-heading-d86d2176 pjl-desc-justify\"><span class=\"pjl-desc-dbl pjl-desc-vert\">Le p&rsquo;tit Jardin de Lulu<\/span><br>81 chemin des ormes<br>le crot de la canne<br>18360 Vesdun<\/p>\n\n\n\n<p id=\"wp-block-themeisle-blocks-advanced-heading-18242746\" class=\"wp-block-themeisle-blocks-advanced-heading wp-block-themeisle-blocks-advanced-heading-18242746\"><strong>Informations sur le site <\/strong><\/p>\n\n\n\n<p id=\"wp-block-themeisle-blocks-advanced-heading-df51fc4b\" class=\"wp-block-themeisle-blocks-advanced-heading wp-block-themeisle-blocks-advanced-heading-df51fc4b pjl-desc-justify\">Directrice de publication&nbsp;: Nelly Flandrin<br>Textes, Photographies &amp; M\u00e9dias : Nelly Flandrin Tous droits r\u00e9serv\u00e9s<br>Conception et mise en page&nbsp;: Gilles Muratel &#8211; Les Ateliers d&rsquo;Hippolyte<br>Version du site : 1.0 &#8211; Avr. 2023<br>Motorisation&nbsp; et mod\u00e8les : WordPress<br>H\u00e9bergement&nbsp;: http:\/\/www.ovh.com<br>Adresse URL : https:\/\/www.leptitjardindelulu.fr<\/p>\n\n\n\n<p id=\"wp-block-themeisle-blocks-advanced-heading-849daf22\" class=\"wp-block-themeisle-blocks-advanced-heading wp-block-themeisle-blocks-advanced-heading-849daf22\"><strong>Propri\u00e9t\u00e9 intellectuelle <\/strong><\/p>\n\n\n\n<p id=\"wp-block-themeisle-blocks-advanced-heading-1479baea\" class=\"wp-block-themeisle-blocks-advanced-heading wp-block-themeisle-blocks-advanced-heading-1479baea pjl-desc-justify\">La conception g\u00e9n\u00e9rale, ainsi que les textes, images anim\u00e9es ou non, sons, savoir-faire et tout autre \u00e9l\u00e9ment composant ce site sont la propri\u00e9t\u00e9 exclusive de l\u2019auteur et\/ou de ses fournisseurs.<\/p>\n\n\n\n<p id=\"wp-block-themeisle-blocks-advanced-heading-5f92501b\" class=\"wp-block-themeisle-blocks-advanced-heading wp-block-themeisle-blocks-advanced-heading-5f92501b pjl-desc-justify\">L\u2019ensemble de ce site rel\u00e8ve de la l\u00e9gislation fran\u00e7aise sur le droit d\u2019auteur et la propri\u00e9t\u00e9 intellectuelle. Il en est de m\u00eame des bases de donn\u00e9es figurant sur le site web, qui sont prot\u00e9g\u00e9es par les dispositions de la loi du 1er juillet 1998 (article L112-3), et dont <span class=\"pjl-desc-dbl pjl-desc-vert\">Le p&rsquo;tit Jardin de Lulu<\/span> est producteur.<\/p>\n\n\n\n<p id=\"wp-block-themeisle-blocks-advanced-heading-2ae50f05\" class=\"wp-block-themeisle-blocks-advanced-heading wp-block-themeisle-blocks-advanced-heading-2ae50f05 pjl-desc-justify\">La reproduction de tout ou partie de ce site (autre que techniquement n\u00e9cessaire \u00e0 sa consultation) sur un support \u00e9lectronique quel qu\u2019il soit est express\u00e9ment interdite.<br>L\u2019utilisation du contenu du site en contravention avec ces prescriptions vaut contrefa\u00e7on au sens de l\u2019article 335-2 du Code de la propri\u00e9t\u00e9 intellectuelle.<\/p>\n\n\n\n<p id=\"wp-block-themeisle-blocks-advanced-heading-81d9306b\" class=\"wp-block-themeisle-blocks-advanced-heading wp-block-themeisle-blocks-advanced-heading-81d9306b pjl-desc-justify\">Outre des dommages et int\u00e9r\u00eats au titre de la responsabilit\u00e9 civile, celle-ci peut \u00eatre p\u00e9nalement sanctionn\u00e9e de 300 000 euros d\u2019amende et\/ou de 3 ans d\u2019emprisonnement.<br>Les marques cit\u00e9es sur ce site sont d\u00e9pos\u00e9es par les soci\u00e9t\u00e9s qui en sont propri\u00e9taires.<\/p>\n\n\n\n<p id=\"wp-block-themeisle-blocks-advanced-heading-9a63a7be\" class=\"wp-block-themeisle-blocks-advanced-heading wp-block-themeisle-blocks-advanced-heading-9a63a7be pjl-desc-justify\">Tout lien hypertexte mis en place vers <span class=\"pjl-desc-dbl pjl-desc-vert\">Le p&rsquo;tit Jardin de Lulu<\/span> depuis d\u2019autres ressources pr\u00e9sentes sur le r\u00e9seau Internet, doit imp\u00e9rativement faire l\u2019objet d\u2019une autorisation \u00e9crite et expresse de l\u2019 auteur.<\/p>\n\n\n\n<p id=\"wp-block-themeisle-blocks-advanced-heading-82b2a935\" class=\"wp-block-themeisle-blocks-advanced-heading wp-block-themeisle-blocks-advanced-heading-82b2a935 pjl-desc-justify\">En outre, l\u2019 auteur r\u00e9cuse l\u2019utilisation de \u00ab\u00a0frames ou cadres\u00a0\u00bb qui laissent supposer aux internautes qu\u2019ils consultent un autre site que <span class=\"pjl-desc-dbl pjl-desc-vert\">Le p&rsquo;tit Jardin de Lulu<\/span>, de m\u00eame que l\u2019affichage sur un autre site des photographies h\u00e9berg\u00e9es sur <span class=\"pjl-desc-dbl pjl-desc-vert\">Le p&rsquo;tit Jardin de Lulu<\/span>.<\/p>\n\n\n\n<p id=\"wp-block-themeisle-blocks-advanced-heading-42577b0b\" class=\"wp-block-themeisle-blocks-advanced-heading wp-block-themeisle-blocks-advanced-heading-42577b0b pjl-desc-justify\">Nous vous remercions d\u2019informer Nelly Flandrin du lien que vous avez r\u00e9alis\u00e9.<\/p>\n<\/div>\n\n\n\n<div class=\"wp-block-column is-layout-flow wp-block-column-is-layout-flow\" style=\"flex-basis:25%\">\n<figure class=\"wp-block-image aligncenter size-full is-resized\"><img loading=\"lazy\" decoding=\"async\" src=\"https:\/\/www.ateliers.gillesmuratel.com\/ptitjardinlulu\/wp-content\/uploads\/2023\/04\/Dessin_01_RVB-1.png\" alt=\"\" class=\"wp-image-158\" width=\"133\" height=\"111\"\/><\/figure>\n\n\n\n<figure class=\"wp-block-image aligncenter size-large is-resized\"><img loading=\"lazy\" decoding=\"async\" src=\"https:\/\/www.ateliers.gillesmuratel.com\/ptitjardinlulu\/wp-content\/uploads\/2023\/04\/contact-droite-1024x682.png\" alt=\"\" class=\"wp-image-157\" width=\"380\" height=\"236\"\/><\/figure>\n<\/div>\n<\/div>\n","protected":false},"excerpt":{"rendered":"","protected":false},"author":1,"featured_media":0,"parent":0,"menu_order":0,"comment_status":"closed","ping_status":"open","template":"","meta":{"site-sidebar-layout":"default","site-content-layout":"default","ast-global-header-display":"","ast-main-header-display":"","ast-hfb-above-header-display":"","ast-hfb-below-header-display":"","ast-hfb-mobile-header-display":"","site-post-title":"disabled","ast-breadcrumbs-content":"","ast-featured-img":"","footer-sml-layout":"","theme-transparent-header-meta":"","adv-header-id-meta":"","stick-header-meta":"","header-above-stick-meta":"","header-main-stick-meta":"","header-below-stick-meta":"","ngg_post_thumbnail":0,"_themeisle_gutenberg_block_has_review":false,"_ti_tpc_template_sync":false,"_ti_tpc_template_id":"","footnotes":""},"class_list":["post-910","page","type-page","status-publish","hentry"],"_links":{"self":[{"href":"https:\/\/www.ateliers.gillesmuratel.com\/ptitjardinlulu\/wp-json\/wp\/v2\/pages\/910","targetHints":{"allow":["GET"]}}],"collection":[{"href":"https:\/\/www.ateliers.gillesmuratel.com\/ptitjardinlulu\/wp-json\/wp\/v2\/pages"}],"about":[{"href":"https:\/\/www.ateliers.gillesmuratel.com\/ptitjardinlulu\/wp-json\/wp\/v2\/types\/page"}],"author":[{"embeddable":true,"href":"https:\/\/www.ateliers.gillesmuratel.com\/ptitjardinlulu\/wp-json\/wp\/v2\/users\/1"}],"replies":[{"embeddable":true,"href":"https:\/\/www.ateliers.gillesmuratel.com\/ptitjardinlulu\/wp-json\/wp\/v2\/comments?post=910"}],"version-history":[{"count":8,"href":"https:\/\/www.ateliers.gillesmuratel.com\/ptitjardinlulu\/wp-json\/wp\/v2\/pages\/910\/revisions"}],"predecessor-version":[{"id":930,"href":"https:\/\/www.ateliers.gillesmuratel.com\/ptitjardinlulu\/wp-json\/wp\/v2\/pages\/910\/revisions\/930"}],"wp:attachment":[{"href":"https:\/\/www.ateliers.gillesmuratel.com\/ptitjardinlulu\/wp-json\/wp\/v2\/media?parent=910"}],"curies":[{"name":"wp","href":"https:\/\/api.w.org\/{rel}","templated":true}]}}