{"id":956,"date":"2023-04-25T21:28:31","date_gmt":"2023-04-25T19:28:31","guid":{"rendered":"https:\/\/www.ateliers.gillesmuratel.com\/ptitjardinlulu\/?page_id=956"},"modified":"2023-04-26T15:35:34","modified_gmt":"2023-04-26T13:35:34","slug":"__trashed-10","status":"publish","type":"page","link":"https:\/\/www.ateliers.gillesmuratel.com\/ptitjardinlulu\/__trashed-10\/","title":{"rendered":"Initiation mosa\u00efque"},"content":{"rendered":"\n<figure class=\"wp-block-image alignfull size-full\"><img loading=\"lazy\" decoding=\"async\" width=\"1683\" height=\"737\" src=\"https:\/\/www.ateliers.gillesmuratel.com\/ptitjardinlulu\/wp-content\/uploads\/2023\/04\/Init-Mosaique-2.png\" alt=\"\" class=\"wp-image-627\" srcset=\"https:\/\/www.ateliers.gillesmuratel.com\/ptitjardinlulu\/wp-content\/uploads\/2023\/04\/Init-Mosaique-2.png 1683w, https:\/\/www.ateliers.gillesmuratel.com\/ptitjardinlulu\/wp-content\/uploads\/2023\/04\/Init-Mosaique-2-300x131.png 300w, https:\/\/www.ateliers.gillesmuratel.com\/ptitjardinlulu\/wp-content\/uploads\/2023\/04\/Init-Mosaique-2-1024x448.png 1024w, https:\/\/www.ateliers.gillesmuratel.com\/ptitjardinlulu\/wp-content\/uploads\/2023\/04\/Init-Mosaique-2-768x336.png 768w, https:\/\/www.ateliers.gillesmuratel.com\/ptitjardinlulu\/wp-content\/uploads\/2023\/04\/Init-Mosaique-2-1536x673.png 1536w, https:\/\/www.ateliers.gillesmuratel.com\/ptitjardinlulu\/wp-content\/uploads\/2023\/04\/Init-Mosaique-2-600x263.png 600w\" sizes=\"auto, (max-width: 1683px) 100vw, 1683px\" \/><\/figure>\n\n\n\n<div class=\"wp-block-columns is-layout-flex wp-container-core-columns-is-layout-28f84493 wp-block-columns-is-layout-flex\">\n<div class=\"wp-block-column is-layout-flow wp-block-column-is-layout-flow\" style=\"padding-left:var(--wp--preset--spacing--40);flex-basis:25%\">\n<p class=\"has-medium-font-size\" style=\"font-style:normal;font-weight:200\"><i>J&rsquo;APPRENDS :<\/i><\/p>\n\n\n\n<ul class=\"wp-block-list\" style=\"padding-left:var(--wp--preset--spacing--50)\">\n<li class=\"has-medium-font-size\"><strong><em>\u00c0  cr\u00e9er ou \u00e0 optimiser un objet avec de la mosa\u00efque.<\/em><\/strong><\/li>\n\n\n\n<li class=\"has-medium-font-size\"><strong><em>\u00c0 solutionner les probl\u00e8mes qui peuvent survenir.<\/em><\/strong><\/li>\n\n\n\n<li class=\"has-medium-font-size\"><strong><em>\u00c0 finaliser mon travail.<\/em><\/strong><\/li>\n<\/ul>\n<\/div>\n\n\n\n<div class=\"wp-block-column is-layout-flow wp-block-column-is-layout-flow\" style=\"padding-right:0%;padding-left:8%;flex-basis:25%\">\n<div class=\"wp-block-columns is-layout-flex wp-container-core-columns-is-layout-28f84493 wp-block-columns-is-layout-flex\">\n<div class=\"wp-block-column is-layout-flow wp-block-column-is-layout-flow\">\n<p class=\"has-text-align-center\"><em>DATES<\/em><\/p>\n<\/div>\n\n\n\n<div class=\"wp-block-column is-layout-flow wp-block-column-is-layout-flow\"><\/div>\n<\/div>\n\n\n\n<div class=\"wp-block-columns is-layout-flex wp-container-core-columns-is-layout-28f84493 wp-block-columns-is-layout-flex\">\n<div class=\"wp-block-column is-layout-flow wp-block-column-is-layout-flow\" style=\"border-top-color:var(--wp--preset--color--black);border-right-color:#ffffff00;border-bottom-color:var(--wp--preset--color--black);border-left-color:#ffffff00;padding-top:var(--wp--preset--spacing--30);padding-bottom:var(--wp--preset--spacing--30)\">\n<p class=\"has-text-align-center\">15\/16 avr.<br>13\/14 mai<br>17\/18 juin<br>14\/15 juill.<br>12\/13 ao\u00fbt<br>16\/17 sept.<br>14\/15 oct.<\/p>\n<\/div>\n\n\n\n<div class=\"wp-block-column is-layout-flow wp-block-column-is-layout-flow\"><\/div>\n<\/div>\n\n\n\n<div class=\"wp-block-columns is-layout-flex wp-container-core-columns-is-layout-28f84493 wp-block-columns-is-layout-flex\">\n<div class=\"wp-block-column is-vertically-aligned-center is-layout-flow wp-block-column-is-layout-flow\">\n<p class=\"has-text-align-center has-white-color has-black-background-color has-text-color has-background\"><strong>310\u20ac<\/strong><\/p>\n<\/div>\n\n\n\n<div class=\"wp-block-column is-layout-flow wp-block-column-is-layout-flow\">\n<figure class=\"wp-block-image size-full\"><img loading=\"lazy\" decoding=\"async\" width=\"154\" height=\"214\" src=\"https:\/\/www.ateliers.gillesmuratel.com\/ptitjardinlulu\/wp-content\/uploads\/2023\/04\/Dessin_04_RVB.png\" alt=\"\" class=\"wp-image-140\"\/><\/figure>\n<\/div>\n<\/div>\n\n\n\n<p><\/p>\n\n\n\n<p><\/p>\n\n\n\n<p><\/p>\n\n\n\n<p><\/p>\n\n\n\n<p><\/p>\n\n\n\n<p><\/p>\n\n\n\n<p><\/p>\n<\/div>\n\n\n\n<div class=\"wp-block-column has-small-font-size is-layout-flow wp-block-column-is-layout-flow\" style=\"border-top-color:var(--wp--preset--color--black);border-top-style:dotted;border-top-width:2px;border-right-color:#ffffff00;border-bottom-color:#ffffff00;border-left-color:#ffffff00;padding-top:var(--wp--preset--spacing--40);padding-right:0;padding-bottom:0;padding-left:0;flex-basis:50%\">\n<p class=\"has-medium-font-size\"><strong><span class=\"pjl-desc-vert\">Vous pourrez aborder n\u2019importe quel projet en toute ind\u00e9pendance.<\/span><\/strong><\/p>\n\n\n\n<p id=\"wp-block-themeisle-blocks-advanced-heading-daeff185\" class=\"wp-block-themeisle-blocks-advanced-heading wp-block-themeisle-blocks-advanced-heading-daeff185\">Le prix comprend les repas du midi, le mat\u00e9riel est fourni.<br>L\u2019h\u00e9bergement et le trajet ne sont pas inclus mais possibilit\u00e9 de s\u00e9journer au g\u00eete de Vesdun et de prendre le d\u00eener au p\u2019tit Jardin de Lulu.<br>Le nombre de participants est limit\u00e9 \u00e0 8 personnes, mais d\u2019autres ateliers peuvent \u00eatre cr\u00e9\u00e9s sur demande en semaine.<\/p>\n\n\n\n<p class=\"has-medium-font-size\" style=\"font-style:normal;font-weight:400\">Pour un compl\u00e9ment d\u2019infos, appeler au +33 (0) 6 89 18 05 22<\/p>\n\n\n\n<p class=\"has-medium-font-size\" style=\"font-style:normal;font-weight:400\"><em><span class=\"pjl-desc-vert\">Un ch\u00e8que d&rsquo;acompte de 150 euros vous sera demand\u00e9 pour toute inscription<\/span><\/em><\/p>\n\n\n\n<p><\/p>\n<\/div>\n<\/div>\n","protected":false},"excerpt":{"rendered":"<p>J&rsquo;APPRENDS : DATES 15\/16 avr.13\/14 mai17\/18 juin14\/15 juill.12\/13 ao\u00fbt16\/17 sept.14\/15 oct. 310\u20ac Vous pourrez aborder n\u2019importe quel projet en toute ind\u00e9pendance. Pour un compl\u00e9ment d\u2019infos, appeler au +33 (0) 6 89 18 05 22 Un ch\u00e8que d&rsquo;acompte de 150 euros vous sera demand\u00e9 pour toute inscription<\/p>\n","protected":false},"author":1,"featured_media":0,"parent":0,"menu_order":0,"comment_status":"closed","ping_status":"closed","template":"","meta":{"site-sidebar-layout":"default","site-content-layout":"default","ast-global-header-display":"","ast-main-header-display":"","ast-hfb-above-header-display":"","ast-hfb-below-header-display":"","ast-hfb-mobile-header-display":"","site-post-title":"disabled","ast-breadcrumbs-content":"","ast-featured-img":"","footer-sml-layout":"","theme-transparent-header-meta":"","adv-header-id-meta":"","stick-header-meta":"","header-above-stick-meta":"","header-main-stick-meta":"","header-below-stick-meta":"","ngg_post_thumbnail":0,"_themeisle_gutenberg_block_has_review":false,"_ti_tpc_template_sync":false,"_ti_tpc_template_id":"","footnotes":""},"class_list":["post-956","page","type-page","status-publish","hentry"],"_links":{"self":[{"href":"https:\/\/www.ateliers.gillesmuratel.com\/ptitjardinlulu\/wp-json\/wp\/v2\/pages\/956","targetHints":{"allow":["GET"]}}],"collection":[{"href":"https:\/\/www.ateliers.gillesmuratel.com\/ptitjardinlulu\/wp-json\/wp\/v2\/pages"}],"about":[{"href":"https:\/\/www.ateliers.gillesmuratel.com\/ptitjardinlulu\/wp-json\/wp\/v2\/types\/page"}],"author":[{"embeddable":true,"href":"https:\/\/www.ateliers.gillesmuratel.com\/ptitjardinlulu\/wp-json\/wp\/v2\/users\/1"}],"replies":[{"embeddable":true,"href":"https:\/\/www.ateliers.gillesmuratel.com\/ptitjardinlulu\/wp-json\/wp\/v2\/comments?post=956"}],"version-history":[{"count":4,"href":"https:\/\/www.ateliers.gillesmuratel.com\/ptitjardinlulu\/wp-json\/wp\/v2\/pages\/956\/revisions"}],"predecessor-version":[{"id":987,"href":"https:\/\/www.ateliers.gillesmuratel.com\/ptitjardinlulu\/wp-json\/wp\/v2\/pages\/956\/revisions\/987"}],"wp:attachment":[{"href":"https:\/\/www.ateliers.gillesmuratel.com\/ptitjardinlulu\/wp-json\/wp\/v2\/media?parent=956"}],"curies":[{"name":"wp","href":"https:\/\/api.w.org\/{rel}","templated":true}]}}